{"id":766,"date":"2020-02-11T08:42:58","date_gmt":"2020-02-11T14:42:58","guid":{"rendered":"http:\/\/s843307933.online-home.ca\/?post_type=product&#038;p=766"},"modified":"2025-10-10T18:49:25","modified_gmt":"2025-10-10T23:49:25","slug":"tout-eleve-peut-reussir","status":"publish","type":"product","link":"https:\/\/realrestitution.com\/is\/product\/tout-eleve-peut-reussir\/","title":{"rendered":"Tout Eleve Peut Reussir"},"content":{"rendered":"<p>Tout \u00e9l\u00e8ve peut r\u00e9ussir est de loin le livre le plus utile pour les enseignants que le docteur Glasser ait \u00e9crit. Il peut amener les enseignants u niveau de l\u2019excellence. Ce livre innovateur d\u00e9montre ce qu\u2019il faut faire et dire pour rejoindre les \u00e9l\u00e8ves qui nous offrent le plus de d\u00e9fis, les \u00e9l\u00e8ves \u00e0 probl\u00e8mes. Comme toujours, le style de Glasser est clair, facile \u00e0 suivre et plaisant \u00e0 lire. Les enseignants se retrouveront dans ces pages. Ils reconna\u00eetront certains de leurs \u00e9l\u00e8ves. En utilisant ces id\u00e9es, ils d\u00e9couvriront des strat\u00e9gies efficaces pour amener les \u00e9l\u00e8ves \u00e0 se sentir impliqu\u00e9s et accept\u00e9s. D\u00e8s la fin de la premi\u00e8re ann\u00e9e d\u2019utilisation, l\u2019\u00e9cole peut devenir un endroit o\u00f9 il fait bon vivre, une place o\u00f9 les gens sont connect\u00e9s et o\u00f9 les \u00e9l\u00e8ves apprendront et d\u00e9velopperont leurs comp\u00e9tences.<\/p>","protected":false},"excerpt":{"rendered":"<p>Tout \u00e9l\u00e8ve peut r\u00e9ussir est de loin le livre le plus utile pour les enseignants que le docteur Glasser ait \u00e9crit. Il peut amener les enseignants u niveau de l\u2019excellence. Ce livre innovateur d\u00e9montre ce qu\u2019il faut faire et dire pour rejoindre les \u00e9l\u00e8ves qui nous offrent le plus de d\u00e9fis, les \u00e9l\u00e8ves \u00e0 probl\u00e8mes. Comme toujours, le style de Glasser est clair, facile \u00e0 suivre et plaisant \u00e0 lire. Les enseignants se retrouveront dans ces pages. Ils reconna\u00eetront certains de leurs \u00e9l\u00e8ves. En utilisant ces id\u00e9es, ils d\u00e9couvriront des strat\u00e9gies efficaces pour amener les \u00e9l\u00e8ves \u00e0 se sentir impliqu\u00e9s et accept\u00e9s. D\u00e8s la fin de la premi\u00e8re ann\u00e9e d\u2019utilisation, l\u2019\u00e9cole peut devenir un endroit o\u00f9 il fait bon vivre, une place o\u00f9 les gens sont connect\u00e9s et o\u00f9 les \u00e9l\u00e8ves apprendront et d\u00e9velopperont leurs comp\u00e9tences.<\/p>","protected":false},"featured_media":1410,"template":"","meta":{"_bbp_topic_count":0,"_bbp_reply_count":0,"_bbp_total_topic_count":0,"_bbp_total_reply_count":0,"_bbp_voice_count":0,"_bbp_anonymous_reply_count":0,"_bbp_topic_count_hidden":0,"_bbp_reply_count_hidden":0,"_bbp_forum_subforum_count":0,"jetpack_publicize_message":"","jetpack_publicize_feature_enabled":true,"jetpack_social_post_already_shared":true,"jetpack_social_options":{"image_generator_settings":{"template":"highway","default_image_id":0,"font":"","enabled":false},"version":2}},"product_brand":[],"product_cat":[47],"product_tag":[],"class_list":{"0":"post-766","1":"product","2":"type-product","3":"status-publish","4":"has-post-thumbnail","6":"product_cat-books","7":"product_shipping_class-books","9":"first","10":"instock","11":"shipping-taxable","12":"purchasable","13":"product-type-simple"},"jetpack_publicize_connections":[],"_links":{"self":[{"href":"https:\/\/realrestitution.com\/is\/wp-json\/wp\/v2\/product\/766","targetHints":{"allow":["GET"]}}],"collection":[{"href":"https:\/\/realrestitution.com\/is\/wp-json\/wp\/v2\/product"}],"about":[{"href":"https:\/\/realrestitution.com\/is\/wp-json\/wp\/v2\/types\/product"}],"wp:featuredmedia":[{"embeddable":true,"href":"https:\/\/realrestitution.com\/is\/wp-json\/wp\/v2\/media\/1410"}],"wp:attachment":[{"href":"https:\/\/realrestitution.com\/is\/wp-json\/wp\/v2\/media?parent=766"}],"wp:term":[{"taxonomy":"product_brand","embeddable":true,"href":"https:\/\/realrestitution.com\/is\/wp-json\/wp\/v2\/product_brand?post=766"},{"taxonomy":"product_cat","embeddable":true,"href":"https:\/\/realrestitution.com\/is\/wp-json\/wp\/v2\/product_cat?post=766"},{"taxonomy":"product_tag","embeddable":true,"href":"https:\/\/realrestitution.com\/is\/wp-json\/wp\/v2\/product_tag?post=766"}],"curies":[{"name":"wp","href":"https:\/\/api.w.org\/{rel}","templated":true}]}}